{"id":2827,"date":"2018-03-06T07:21:16","date_gmt":"2018-03-06T07:21:16","guid":{"rendered":"https:\/\/gaviaspreview.com\/wp\/winnex\/?page_id=2827"},"modified":"2023-01-11T11:31:18","modified_gmt":"2023-01-11T16:31:18","slug":"propositos","status":"publish","type":"page","link":"https:\/\/www.redipi.com\/sitio\/propositos\/","title":{"rendered":"Prop\u00f3sitos"},"content":{"rendered":"<p>[vc_row row_space=&#8221;padding-medium&#8221; isfullwidth=&#8221;&#8221;][vc_column width=&#8221;1\/4&#8243;][vc_empty_space height=&#8221;100px&#8221;][vc_single_image image=&#8221;4307&#8243; img_size=&#8221;full&#8221; alignment=&#8221;center&#8221; style=&#8221;vc_box_rounded&#8221;][\/vc_column][vc_column width=&#8221;3\/4&#8243;][gva_block_heading title=&#8221;Nuestros Prop\u00f3sitos&#8221;][vc_column_text]<\/p>\n<p style=\"text-align: justify;\"><span style=\"color: #333333;\">1. La defensa y el est\u00edmulo de la autonom\u00eda universitaria, as\u00ed como la libertad de ense\u00f1anza, de aprendizaje, de c\u00e1tedra y de investigaci\u00f3n cultural, cient\u00edfica y tecnol\u00f3gica;<\/span><\/p>\n<p style=\"text-align: justify;\">\n<span style=\"color: #333333;\">2. Sustanciar y apoyar en cada una de las instituciones que hacen parte de la red el mejoramiento continuo del nivel acad\u00e9mico; as\u00ed como los componentes de gesti\u00f3n;<\/span><\/p>\n<p style=\"text-align: justify;\">\n<span style=\"color: #333333;\">3. La preservaci\u00f3n del orden institucional democr\u00e1tico y la responsabilidad para con la sociedad colombiana, y;<\/span><\/p>\n<p style=\"text-align: justify;\">\n<span style=\"color: #333333;\">4. La vinculaci\u00f3n del sector educativo al an\u00e1lisis de los problemas internacionales, nacionales y regionales y al estudio y ejecuci\u00f3n de sus soluciones.<\/span><\/p>\n<p style=\"text-align: justify;\">\n<span style=\"color: #333333;\">5. Fomentar la solidaridad activa entre las entidades asociadas, alrededor de los prop\u00f3sitos anteriores y de soluci\u00f3n de las necesidades del pa\u00eds y la sociedad en general.<\/span><\/p>\n<p style=\"text-align: justify;\">\n<span style=\"color: #333333;\">6. Propender por la defensa de los intereses de la educaci\u00f3n superior ante las entidades oficiales y las organizaciones a nivel nacional e internacional.<\/span><\/p>\n<p style=\"text-align: justify;\">\n<span style=\"color: #333333;\">7. Propiciar escenarios de cooperaci\u00f3n entre las distintas Instituciones de educaci\u00f3n superior y de \u00e9stas con otras organizaciones del Estado del pa\u00eds y de los sectores productivos nacionales o del exterior.<\/span><\/p>\n<p style=\"text-align: justify;\">\n<span style=\"color: #333333;\">8. Adelantar estudios estrat\u00e9gicos de inter\u00e9s para las Instituciones de educaci\u00f3n superior colombianas para prever las principales tendencias de la educaci\u00f3n en el pa\u00eds y en el exterior.<\/span><\/p>\n<p style=\"text-align: justify;\">\n<span style=\"color: #333333;\">9. Estudiar, implementar, gerenciar, desarrollar y ejecutar proyectos, contratos o planes que satisfagan las necesidades de las comunidades, articulando la universidad, el estado y las empresas.<\/span><\/p>\n<p>[\/vc_column_text][\/vc_column][\/vc_row]<\/p>\n","protected":false},"excerpt":{"rendered":"<p>[vc_row row_space=&#8221;padding-medium&#8221; isfullwidth=&#8221;&#8221;][vc_column width=&#8221;1\/4&#8243;][vc_empty_space height=&#8221;100px&#8221;][vc_single_image image=&#8221;4307&#8243; img_size=&#8221;full&#8221; alignment=&#8221;center&#8221; style=&#8221;vc_box_rounded&#8221;][\/vc_column][vc_column width=&#8221;3\/4&#8243;][gva_block_heading title=&#8221;Nuestros Prop\u00f3sitos&#8221;][vc_column_text] 1. La defensa y el est\u00edmulo de la autonom\u00eda universitaria, as\u00ed como la libertad de ense\u00f1anza, de aprendizaje, de c\u00e1tedra y de investigaci\u00f3n cultural, cient\u00edfica y tecnol\u00f3gica; 2. Sustanciar y apoyar en cada una de las instituciones que hacen parte de la red [&hellip;]<\/p>\n","protected":false},"author":1,"featured_media":0,"parent":0,"menu_order":0,"comment_status":"closed","ping_status":"closed","template":"","meta":{"_joinchat":[],"footnotes":""},"class_list":["post-2827","page","type-page","status-publish","hentry"],"_links":{"self":[{"href":"https:\/\/www.redipi.com\/sitio\/wp-json\/wp\/v2\/pages\/2827","targetHints":{"allow":["GET"]}}],"collection":[{"href":"https:\/\/www.redipi.com\/sitio\/wp-json\/wp\/v2\/pages"}],"about":[{"href":"https:\/\/www.redipi.com\/sitio\/wp-json\/wp\/v2\/types\/page"}],"author":[{"embeddable":true,"href":"https:\/\/www.redipi.com\/sitio\/wp-json\/wp\/v2\/users\/1"}],"replies":[{"embeddable":true,"href":"https:\/\/www.redipi.com\/sitio\/wp-json\/wp\/v2\/comments?post=2827"}],"version-history":[{"count":17,"href":"https:\/\/www.redipi.com\/sitio\/wp-json\/wp\/v2\/pages\/2827\/revisions"}],"predecessor-version":[{"id":4311,"href":"https:\/\/www.redipi.com\/sitio\/wp-json\/wp\/v2\/pages\/2827\/revisions\/4311"}],"wp:attachment":[{"href":"https:\/\/www.redipi.com\/sitio\/wp-json\/wp\/v2\/media?parent=2827"}],"curies":[{"name":"wp","href":"https:\/\/api.w.org\/{rel}","templated":true}]}}