{"id":4177,"date":"2022-11-22T16:46:06","date_gmt":"2022-11-22T21:46:06","guid":{"rendered":"https:\/\/www.redipi.com\/sitio?page_id=4177"},"modified":"2023-01-11T11:23:06","modified_gmt":"2023-01-11T16:23:06","slug":"actividades","status":"publish","type":"page","link":"https:\/\/www.redipi.com\/sitio\/actividades\/","title":{"rendered":"Actividades"},"content":{"rendered":"<p>[vc_row row_space=&#8221;remove_padding&#8221; isfullwidth=&#8221;&#8221; css=&#8221;.vc_custom_1539588804561{padding-bottom: 20px !important;}&#8221;][vc_column][gva_block_heading title=&#8221;Nuestras Actividades&#8221; style=&#8221;style-2&#8243; align=&#8221;align-left&#8221;][vc_column_text]<\/p>\n<p style=\"text-align: justify;\"><span style=\"color: #333333;\"><strong>1.<\/strong> Coordinar y facilitar acciones para la ejecuci\u00f3n de planes, proyectos y programas encaminados a facilitar el cumplimiento de los objetos misionales.<\/span><\/p>\n<p style=\"text-align: justify;\"><span style=\"color: #333333;\"><strong>2.<\/strong> Generar estrategias interinstitucionales, establecer pol\u00edticas y poner en marcha acciones encaminadas a compartir informaci\u00f3n, experiencias y recursos que potencialicen el objeto misional de cada uno de los miembros, y contribuir con estos a la formulaci\u00f3n de planes de desarrollo.<\/span><\/p>\n<p style=\"text-align: justify;\"><span style=\"color: #333333;\"><strong>3.<\/strong> Establecer pol\u00edticas y dise\u00f1ar mecanismos de financiaci\u00f3n para la ejecuci\u00f3n de proyectos de ciencia, innovaci\u00f3n, tecnolog\u00eda, emprendimiento, cultura y educaci\u00f3n.<\/span><\/p>\n<p style=\"text-align: justify;\"><span style=\"color: #333333;\"><strong>4.<\/strong> Adelantar los estudios t\u00e9cnicos, financieros, administrativos o referenciales que se requieran para lograr el cabal cumplimiento de los fines de la entidad o de las Instituciones de educaci\u00f3n asociadas a la entidad.<\/span><\/p>\n<p style=\"text-align: justify;\"><span style=\"color: #333333;\"><strong>5.<\/strong> Prestar servicios de asesor\u00eda, consultor\u00eda, dise\u00f1os, investigaciones, estudios, y suministro de bienes o servicios, en temas de salud, educaci\u00f3n, emprendimiento, paz y convivencia, ciencia, innovaci\u00f3n, cultura, tecnolog\u00eda, medio ambiente, entre otros, tanto a entidades p\u00fablicas como privadas a cualquier nivel.<\/span><\/p>\n<p style=\"text-align: justify;\"><span style=\"color: #333333;\"><strong>6.<\/strong> <\/span><span style=\"color: #333333;\">Prestar servicios de operador catastral, de todo tipo de actividades relacionadas con la prestaci\u00f3n integral del servicio p\u00fablico de gesti\u00f3n catastral.<\/span><\/p>\n<p style=\"text-align: justify;\"><span style=\"color: #333333;\"><strong>7.<\/strong> Prestar servicios para la provisi\u00f3n de personal calificado en \u00e1reas de salud, educaci\u00f3n, medio ambiente, tecnolog\u00edas entre otras.<\/span><\/p>\n<p style=\"text-align: justify;\"><span style=\"color: #333333;\"><strong>8.<\/strong> Suministrar bienes o servicios en el \u00e1rea de la salud en \u00e1reas complementarias sin que realice ninguna de las labores propias de las EPS e IPS de que trata la ley 100 como personal, equipos m\u00e9dicos y biom\u00e9dicos, insumos para prevenci\u00f3n y prevenci\u00f3n de servicios de salud, pruebas para la detecci\u00f3n y diagn\u00f3stico de enfermedades virales o bacterianas, y soluciones tecnol\u00f3gicas para este campo.<\/span><\/p>\n<p style=\"text-align: justify;\"><span style=\"color: #333333;\"><strong>9.<\/strong> Prestar servicios, asesor\u00eda y suministro en temas de aseo, desinfecci\u00f3n protecci\u00f3n y seguridad industrial.<\/span><\/p>\n<p style=\"text-align: justify;\"><span style=\"color: #333333;\"><strong>10.<\/strong> <\/span><span style=\"color: #333333;\">Realizar actividades suministro y entrega log\u00edstica de complementos nutricionales (Prote\u00ednico) para ni\u00f1os, madres gestantes y adultos mayores, as\u00ed como ayudas alimentarias o de otra \u00edndole requerida para la mitigaci\u00f3n de efectos catastr\u00f3ficos o epidemiol\u00f3gicos a poblaciones vulnerables o con necesidades b\u00e1sicas insatisfechas.<\/span><\/p>\n<p style=\"text-align: justify;\"><span style=\"color: #333333;\"><strong>11.<\/strong> Celebrar contratos y convenios relacionados con el cumplimiento del objeto social de la Corporaci\u00f3n, teniendo en cuenta el estricto cumplimiento de la constituci\u00f3n, las leyes y los reglamentos que regulan la actividad.<\/span><\/p>\n<p style=\"text-align: justify;\"><span style=\"color: #333333;\"><strong>12.<\/strong> Contraer y ejercer los derechos y obligaciones que la ley permita y\/o determine para las entidades descentralizadas indirectas.<\/span><\/p>\n<p style=\"text-align: justify;\"><span style=\"color: #333333;\"><strong>13.<\/strong> Elaborar y dise\u00f1ar los planes de desarrollo y los procesos de autoevaluaci\u00f3n que sean necesarios.<\/span><\/p>\n<p style=\"text-align: justify;\"><span style=\"color: #333333;\"><strong>14.<\/strong> Aceptar donaciones al tenor del Estatuto Tributario y dem\u00e1s normas que la regulen.<\/span><\/p>\n<p style=\"text-align: justify;\"><span style=\"color: #333333;\"><strong>15.<\/strong> Ejercer acciones judiciales y extrajudiciales y en general, adelantar todas las actuaciones necesarias en dichas instancias para la defensa de sus intereses o de sus miembros cuando a ello haya lugar, para lo cual podr\u00e1 constituir apoderados judiciales y extrajudiciales, generales o especiales.<\/span><\/p>\n<p style=\"text-align: justify;\"><span style=\"color: #333333;\"><strong>16.<\/strong> Conciliar y transigir.<\/span><\/p>\n<p style=\"text-align: justify;\"><span style=\"color: #333333;\"><strong>17.<\/strong> Asociarse con particulares o con entidades estatales.<\/span><\/p>\n<p style=\"text-align: justify;\"><span style=\"color: #333333;\"><strong>18.<\/strong> Crear o administrar fondos de desarrollo cient\u00edfico, tecnol\u00f3gico y de apoyo para adelantar proyectos o actividades de ciencia, innovaci\u00f3n y tecnolog\u00eda que se enmarquen dentro de su objeto y funciones.<\/span><\/p>\n<p style=\"text-align: justify;\"><span style=\"color: #333333;\"><strong>19.<\/strong> Promover publicaciones y el otorgamiento de premios y distinciones a Investigadores, grupos de investigaci\u00f3n e investigaciones destacadas, al igual que gremios y sectores empresariales con ocasi\u00f3n del desarrollo y m\u00e9rito de su objeto y funciones.<\/span><\/p>\n<p style=\"text-align: justify;\"><span style=\"color: #333333;\"><strong>20.<\/strong> Destinar el producido de sus actividades al incremento de su patrimonio con el fin de sufragar sus gastos de funcionamiento e inversi\u00f3n y reinvertirlos en actividades orientadas al desarrollo de su objeto y funciones.<\/span><\/p>\n<p style=\"text-align: justify;\"><span style=\"color: #333333;\"><strong>21.<\/strong> Desarrollar estrategias de comunicaci\u00f3n relacionadas con el objeto y funciones de la Corporaci\u00f3n.<\/span><\/p>\n<p style=\"text-align: justify;\"><span style=\"color: #333333;\"><strong>22.<\/strong> Fomentar convenios de movilidad docente y estudiantil entre los miembros de la Asociaci\u00f3n y en virtud de convenios con otras entidades.<\/span><\/p>\n<p style=\"text-align: justify;\"><strong><span style=\"color: #333333;\">23. <\/span><\/strong><span style=\"color: #333333;\">Estimular el emprendimiento, la innovaci\u00f3n, la creatividad y la asociatividad entre las entidades que hacen parte de la entidad.<\/span><\/p>\n<p style=\"text-align: justify;\"><span style=\"color: #333333;\"><strong>24.<\/strong> Las dem\u00e1s atribuciones que por ley se otorgan a las entidades descentralizadas indirectas.<\/span><\/p>\n<p>[\/vc_column_text][vc_empty_space height=&#8221;60px&#8221;][\/vc_column][\/vc_row][vc_row row_space=&#8221;remove_padding&#8221; css=&#8221;.vc_custom_1669154040401{margin-top: -30px !important;}&#8221;][vc_column][vc_single_image image=&#8221;4302&#8243; img_size=&#8221;full&#8221; alignment=&#8221;center&#8221; style=&#8221;vc_box_rounded&#8221; css=&#8221;.vc_custom_1673453663088{margin-bottom: 50px !important;}&#8221;][\/vc_column][\/vc_row]<\/p>\n","protected":false},"excerpt":{"rendered":"<p>[vc_row row_space=&#8221;remove_padding&#8221; isfullwidth=&#8221;&#8221; css=&#8221;.vc_custom_1539588804561{padding-bottom: 20px !important;}&#8221;][vc_column][gva_block_heading title=&#8221;Nuestras Actividades&#8221; style=&#8221;style-2&#8243; align=&#8221;align-left&#8221;][vc_column_text] 1. Coordinar y facilitar acciones para la ejecuci\u00f3n de planes, proyectos y programas encaminados a facilitar el cumplimiento de los objetos misionales. 2. Generar estrategias interinstitucionales, establecer pol\u00edticas y poner en marcha acciones encaminadas a compartir informaci\u00f3n, experiencias y recursos que potencialicen el objeto misional [&hellip;]<\/p>\n","protected":false},"author":1,"featured_media":0,"parent":0,"menu_order":0,"comment_status":"closed","ping_status":"closed","template":"","meta":{"_joinchat":[],"footnotes":""},"class_list":["post-4177","page","type-page","status-publish","hentry"],"_links":{"self":[{"href":"https:\/\/www.redipi.com\/sitio\/wp-json\/wp\/v2\/pages\/4177","targetHints":{"allow":["GET"]}}],"collection":[{"href":"https:\/\/www.redipi.com\/sitio\/wp-json\/wp\/v2\/pages"}],"about":[{"href":"https:\/\/www.redipi.com\/sitio\/wp-json\/wp\/v2\/types\/page"}],"author":[{"embeddable":true,"href":"https:\/\/www.redipi.com\/sitio\/wp-json\/wp\/v2\/users\/1"}],"replies":[{"embeddable":true,"href":"https:\/\/www.redipi.com\/sitio\/wp-json\/wp\/v2\/comments?post=4177"}],"version-history":[{"count":15,"href":"https:\/\/www.redipi.com\/sitio\/wp-json\/wp\/v2\/pages\/4177\/revisions"}],"predecessor-version":[{"id":4304,"href":"https:\/\/www.redipi.com\/sitio\/wp-json\/wp\/v2\/pages\/4177\/revisions\/4304"}],"wp:attachment":[{"href":"https:\/\/www.redipi.com\/sitio\/wp-json\/wp\/v2\/media?parent=4177"}],"curies":[{"name":"wp","href":"https:\/\/api.w.org\/{rel}","templated":true}]}}