{"id":612,"date":"2016-03-07T03:11:04","date_gmt":"2016-03-07T03:11:04","guid":{"rendered":"https:\/\/gaviaspreview.com\/wp\/winnex\/?page_id=612"},"modified":"2023-01-11T10:30:43","modified_gmt":"2023-01-11T15:30:43","slug":"conocenos","status":"publish","type":"page","link":"https:\/\/www.redipi.com\/sitio\/conocenos\/","title":{"rendered":"Con\u00f3cenos"},"content":{"rendered":"<p>[vc_row row_space=&#8221;remove_padding&#8221; isfullwidth=&#8221;&#8221; css=&#8221;.vc_custom_1539588804561{padding-bottom: 20px !important;}&#8221;][vc_column][gva_block_heading title=&#8221;Objeto Social&#8221; style=&#8221;style-2&#8243; align=&#8221;align-left&#8221;][vc_column_text]<\/p>\n<p style=\"text-align: justify;\"><span style=\"color: #333333;\">Contribuir al progreso regional, nacional y al fortalecimiento del sistema educativo y proyectos de ciencia,\u00a0 tecnolog\u00eda e innovaci\u00f3n (CT+i) colombiano.<\/span><\/p>\n<p style=\"text-align: justify;\"><span style=\"color: #333333;\">Ser\u00e1n objetivos los siguientes, en cuanto a su campo de Acci\u00f3n :<\/span><\/p>\n<p style=\"text-align: justify;\"><span style=\"color: #333333;\">A. Acad\u00e9mico, Investigativo, de Bienestar y Calidad.<\/span><br \/>\n<span style=\"color: #333333;\">B. Proyecci\u00f3n social, Extensi\u00f3n y Prestaci\u00f3n de Servicios.<\/span><br \/>\n<span style=\"color: #333333;\">C. Ciencia, Tecnolog\u00eda e Innovaci\u00f3n (CT+I).<\/span><\/p>\n<p>[\/vc_column_text][vc_empty_space height=&#8221;40px&#8221;][\/vc_column][\/vc_row][vc_row row_space=&#8221;remove_padding&#8221;][vc_column width=&#8221;1\/2&#8243;][vc_single_image image=&#8221;4295&#8243; img_size=&#8221;424&#215;378&#8243; style=&#8221;vc_box_rounded&#8221;][\/vc_column][vc_column width=&#8221;1\/2&#8243;][gva_block_heading title=&#8221;Nuestra Misi\u00f3n&#8221; style=&#8221;style-2&#8243; align=&#8221;align-left&#8221;][vc_column_text]<\/p>\n<p style=\"text-align: justify;\"><span style=\"color: #333333;\">Somos una entidad Nacional de naturaleza p\u00fablica, sin \u00e1nimo de lucro, organizada como Asociaci\u00f3n y de car\u00e1cter acad\u00e9mico que agrupa a Instituciones de Educaci\u00f3n Superior estatales, con el fin de cooperar en el cumplimiento de funciones administrativas o de prestar conjuntamente servicios.<\/span><\/p>\n<p>[\/vc_column_text][\/vc_column][\/vc_row][vc_row row_space=&#8221;remove_padding&#8221;][vc_column][vc_empty_space height=&#8221;60px&#8221;][\/vc_column][\/vc_row][vc_row row_space=&#8221;remove_padding&#8221;][vc_column width=&#8221;1\/2&#8243;][gva_block_heading title=&#8221;Nuestra Visi\u00f3n&#8221; style=&#8221;style-2&#8243; align=&#8221;align-left&#8221;][vc_column_text]<\/p>\n<p style=\"text-align: justify;\"><span style=\"color: #333333;\">Fomentar y generar conocimiento e innovaci\u00f3n articulando el mejoramiento de la competitividad y productividad del pa\u00eds, desde los campos de fortalecimiento institucional, cient\u00edfico, productivo, cultural, investigativo y tecnol\u00f3gico.<\/span><\/p>\n<p>[\/vc_column_text][\/vc_column][vc_column width=&#8221;1\/2&#8243;][vc_single_image image=&#8221;4293&#8243; img_size=&#8221;424&#215;250&#8243; alignment=&#8221;center&#8221; style=&#8221;vc_box_rounded&#8221;][\/vc_column][\/vc_row]<\/p>\n","protected":false},"excerpt":{"rendered":"<p>[vc_row row_space=&#8221;remove_padding&#8221; isfullwidth=&#8221;&#8221; css=&#8221;.vc_custom_1539588804561{padding-bottom: 20px !important;}&#8221;][vc_column][gva_block_heading title=&#8221;Objeto Social&#8221; style=&#8221;style-2&#8243; align=&#8221;align-left&#8221;][vc_column_text] Contribuir al progreso regional, nacional y al fortalecimiento del sistema educativo y proyectos de ciencia,\u00a0 tecnolog\u00eda e innovaci\u00f3n (CT+i) colombiano. Ser\u00e1n objetivos los siguientes, en cuanto a su campo de Acci\u00f3n : A. Acad\u00e9mico, Investigativo, de Bienestar y Calidad. B. Proyecci\u00f3n social, Extensi\u00f3n y Prestaci\u00f3n [&hellip;]<\/p>\n","protected":false},"author":1,"featured_media":0,"parent":0,"menu_order":0,"comment_status":"closed","ping_status":"closed","template":"","meta":{"_joinchat":[],"footnotes":""},"class_list":["post-612","page","type-page","status-publish","hentry"],"_links":{"self":[{"href":"https:\/\/www.redipi.com\/sitio\/wp-json\/wp\/v2\/pages\/612","targetHints":{"allow":["GET"]}}],"collection":[{"href":"https:\/\/www.redipi.com\/sitio\/wp-json\/wp\/v2\/pages"}],"about":[{"href":"https:\/\/www.redipi.com\/sitio\/wp-json\/wp\/v2\/types\/page"}],"author":[{"embeddable":true,"href":"https:\/\/www.redipi.com\/sitio\/wp-json\/wp\/v2\/users\/1"}],"replies":[{"embeddable":true,"href":"https:\/\/www.redipi.com\/sitio\/wp-json\/wp\/v2\/comments?post=612"}],"version-history":[{"count":28,"href":"https:\/\/www.redipi.com\/sitio\/wp-json\/wp\/v2\/pages\/612\/revisions"}],"predecessor-version":[{"id":4298,"href":"https:\/\/www.redipi.com\/sitio\/wp-json\/wp\/v2\/pages\/612\/revisions\/4298"}],"wp:attachment":[{"href":"https:\/\/www.redipi.com\/sitio\/wp-json\/wp\/v2\/media?parent=612"}],"curies":[{"name":"wp","href":"https:\/\/api.w.org\/{rel}","templated":true}]}}